{"id":7,"date":"2020-10-03T14:48:58","date_gmt":"2020-10-03T14:48:58","guid":{"rendered":"http:\/\/demo.athemes.com\/sp-plumber-gb\/?page_id=7"},"modified":"2026-01-28T08:19:59","modified_gmt":"2026-01-28T08:19:59","slug":"home","status":"publish","type":"page","link":"https:\/\/capabelas.no\/","title":{"rendered":""},"content":{"rendered":"\n<p class=\"has-text-align-center is-style-text-subtitle has-text-color has-link-color wp-elements-51ed935bad5c8c6213eb790f61046dbf is-style-text-subtitle--1\" style=\"color:#c3a640\">Eit bord for samhandling og l\u00e6ring<\/p>\n\n\n\n<p><\/p>\n\n\n\n<div class=\"wp-block-cover alignfull\" style=\"margin-top:0;margin-bottom:0;padding-top:13vh;padding-right:0;padding-bottom:13vh;padding-left:0\"><img decoding=\"async\" class=\"wp-block-cover__image-background wp-image-84\" alt=\"\" src=\"https:\/\/capabelas.no\/wp-content\/uploads\/2025\/11\/20250219_112344-scaled.jpg\" style=\"object-position:60% 60%\" data-object-fit=\"cover\" data-object-position=\"60% 60%\"\/><span aria-hidden=\"true\" class=\"wp-block-cover__background has-global-color-4-background-color has-background-dim-40 has-background-dim\"><\/span><div class=\"wp-block-cover__inner-container has-global-padding is-layout-constrained wp-container-core-cover-is-layout-850ec28b wp-block-cover-is-layout-constrained\">\n<p class=\"has-text-align-center has-large-font-size\"><\/p>\n<\/div><\/div>\n\n\n\n<p>Korleis eit undervisingsrom er m\u00f8blert, seier noko om kven ein tenkjer eleven er og kva eleven kan gjera. Eit klasserom der pultane st\u00e5r p\u00e5 rekke og rad, og eit rom der pultane er permanent sette opp i grupper kommuniserar ulike syn p\u00e5 l\u00e6rar- og elevrolla, og dermed ulike forventningar til elevane.<\/p>\n\n\n\n<p>CapAbel-bordet legg til rette for mange ulike m\u00e5tar \u00e5 setja opp det fysiske l\u00e6ringsarealet p\u00e5. Tilgjengeleg kunnskap om korleis menneske l\u00e6rer, og praktisk erfaring fr\u00e5 undervising av born, unge og vaksne, ligg til grunn for utviklinga av bordet. Sentralt i dette st\u00e5r sosialt fellesskap og at god l\u00e6ring skjer i samhandling mellom dei l\u00e6rande, eksperten og faget.<\/p>\n\n\n\n<p>Nedanfor finn du forslag til oppsett av borda.<\/p>\n\n\n\n<figure class=\"wp-block-image size-full\"><img loading=\"lazy\" decoding=\"async\" width=\"903\" height=\"210\" src=\"https:\/\/capabelas.no\/wp-content\/uploads\/2025\/11\/Formasjonar.png\" alt=\"\" class=\"wp-image-67\" srcset=\"https:\/\/capabelas.no\/wp-content\/uploads\/2025\/11\/Formasjonar.png 903w, https:\/\/capabelas.no\/wp-content\/uploads\/2025\/11\/Formasjonar-300x70.png 300w, https:\/\/capabelas.no\/wp-content\/uploads\/2025\/11\/Formasjonar-768x179.png 768w\" sizes=\"auto, (max-width: 903px) 100vw, 903px\" \/><\/figure>\n","protected":false},"excerpt":{"rendered":"<p>Eit bord for samhandling og l\u00e6ring Korleis eit undervisingsrom er m\u00f8blert, seier noko om kven ein tenkjer eleven er og kva eleven kan gjera. Eit klasserom der pultane st\u00e5r p\u00e5 rekke og rad, og eit rom der pultane er permanent sette opp i grupper kommuniserar ulike syn p\u00e5 l\u00e6rar- og elevrolla, og dermed ulike forventningar [&hellip;]<\/p>\n","protected":false},"author":1,"featured_media":0,"parent":0,"menu_order":0,"comment_status":"closed","ping_status":"closed","template":"page-templates\/page_front-page.php","meta":{"footnotes":""},"class_list":["post-7","page","type-page","status-publish","hentry"],"jetpack_sharing_enabled":true,"_links":{"self":[{"href":"https:\/\/capabelas.no\/index.php\/wp-json\/wp\/v2\/pages\/7","targetHints":{"allow":["GET"]}}],"collection":[{"href":"https:\/\/capabelas.no\/index.php\/wp-json\/wp\/v2\/pages"}],"about":[{"href":"https:\/\/capabelas.no\/index.php\/wp-json\/wp\/v2\/types\/page"}],"author":[{"embeddable":true,"href":"https:\/\/capabelas.no\/index.php\/wp-json\/wp\/v2\/users\/1"}],"replies":[{"embeddable":true,"href":"https:\/\/capabelas.no\/index.php\/wp-json\/wp\/v2\/comments?post=7"}],"version-history":[{"count":65,"href":"https:\/\/capabelas.no\/index.php\/wp-json\/wp\/v2\/pages\/7\/revisions"}],"predecessor-version":[{"id":749,"href":"https:\/\/capabelas.no\/index.php\/wp-json\/wp\/v2\/pages\/7\/revisions\/749"}],"wp:attachment":[{"href":"https:\/\/capabelas.no\/index.php\/wp-json\/wp\/v2\/media?parent=7"}],"curies":[{"name":"wp","href":"https:\/\/api.w.org\/{rel}","templated":true}]}}